{"id":1226,"date":"2018-04-27T12:56:19","date_gmt":"2018-04-27T09:56:19","guid":{"rendered":"https:\/\/crl.iacm.forth.gr\/en\/?page_id=1226"},"modified":"2018-12-13T15:26:06","modified_gmt":"2018-12-13T13:26:06","slug":"%ce%b4%ce%b9%ce%b5%ce%b8%ce%bd%cf%8e%cf%82-%cf%87%cf%81%ce%b7%ce%bc%ce%b1%cf%84%ce%bf%ce%b4%ce%bf%cf%84%ce%bf%cf%8d%ce%bc%ce%b5%ce%bd%ce%b1-%cf%80%cf%81%ce%bf%ce%b3%cf%81%ce%ac%ce%bc%ce%bc%ce%b1%cf%84","status":"publish","type":"page","link":"https:\/\/crl.iacm.forth.gr\/en\/%ce%b4%ce%b9%ce%b5%ce%b8%ce%bd%cf%8e%cf%82-%cf%87%cf%81%ce%b7%ce%bc%ce%b1%cf%84%ce%bf%ce%b4%ce%bf%cf%84%ce%bf%cf%8d%ce%bc%ce%b5%ce%bd%ce%b1-%cf%80%cf%81%ce%bf%ce%b3%cf%81%ce%ac%ce%bc%ce%bc%ce%b1%cf%84\/","title":{"rendered":"International"},"content":{"rendered":"<p>Internationally funded Research and Development Projects<\/p>\n<p>\n<table id=\"tablepress-10\" class=\"tablepress tablepress-id-10\">\n<thead>\n<tr class=\"row-1\">\n\t<th class=\"column-1\">Name<\/th><th class=\"column-2\">Description<\/th><th class=\"column-3\">Funding Framework<\/th><th class=\"column-4\">Period<\/th>\n<\/tr>\n<\/thead>\n<tbody class=\"row-striping row-hover\">\n<tr class=\"row-2\">\n\t<td class=\"column-1\"><a href=\"https:\/\/www.tectonicproject.eu\/\" target=\"_self\" rel=\"noopener noreferrer\">TECTONIC<\/a><\/td><td class=\"column-2\">Technological Consortium to develop sustainabIlity of underwater cultural heritage<\/td><td class=\"column-3\">H2020-MSCA-RISE-2019<\/td><td class=\"column-4\">2020-22<\/td>\n<\/tr>\n<tr class=\"row-3\">\n\t<td class=\"column-1\"><a href=\"http:\/\/www.e-rihs.eu\/\" target=\"_self\" rel=\"noopener noreferrer\">E-RIHS<\/a><\/td><td class=\"column-2\">The European Research Infrastructure for Heritage Science Preparatory Phase<\/td><td class=\"column-3\">INFRADEV-02-2016<\/td><td class=\"column-4\">2017-19<\/td>\n<\/tr>\n<tr class=\"row-4\">\n\t<td class=\"column-1\"><a href=\"http:\/\/odysseaplatform.eu\/\" target=\"_self\" rel=\"noopener noreferrer\">ODYSSEA<\/a><\/td><td class=\"column-2\">Operating a network of integrated observatory systems in the Mediterranean Sea<\/td><td class=\"column-3\">H2020-BG-12-2016<\/td><td class=\"column-4\">2017-21<\/td>\n<\/tr>\n<tr class=\"row-5\">\n\t<td class=\"column-1\"><a href=\"http:\/\/www.heracles-project.eu\/\" target=\"_blank\" rel=\"noopener noreferrer\">HERACLES<\/a><\/td><td class=\"column-2\">HEritage Resilience Against CLimate Events on Site<\/td><td class=\"column-3\">H2020-DRS-11-2015<\/td><td class=\"column-4\">2017-19<\/td>\n<\/tr>\n<tr class=\"row-6\">\n\t<td class=\"column-1\"><a href=\"http:\/\/decatastrophize.eu\/\" target=\"_blank\" rel=\"noopener noreferrer\">DECATASTROPHIZE<\/a><\/td><td class=\"column-2\">Use of SDSS and MCDA to prepare for disasters or plan for multiple hazards<\/td><td class=\"column-3\">DG ECHO 2015<\/td><td class=\"column-4\">2016-17<\/td>\n<\/tr>\n<tr class=\"row-7\">\n\t<td class=\"column-1\"><a href=\"http:\/\/www.rasimas.eu\/\" target=\"_blank\" rel=\"noopener noreferrer\">RASIMAS<\/a><\/td><td class=\"column-2\">Regional Anaesthesia Simulator (RASim) and Assistant (RAAs) <div class=\"show_more\"><p class=\"wpsm-show\" style=\"color: #cc0000; font-size: 100%; text-align: left;\"> \u201dshow_more\u201d<\/p><div class=\"wpsm-content\"> The RASimAs project (Regional Anaesthesia Simulator and Assistant) is a European research project funded by the European Union's 7th Framework Program. It aims at providing a simulator to train physicians in performing regional anaesthesia and an assistant to help anaesthesiologists during the procedure.  <p class=\"wpsm-hide\" style=\"color: #cc0000; font-size: 100%; text-align: left;\"> \u201dless\u201d<\/p><\/div><\/div><\/td><td class=\"column-3\">FP7-ICT-2013-10<\/td><td class=\"column-4\">2013-16<\/td>\n<\/tr>\n<tr class=\"row-8\">\n\t<td class=\"column-1\">IKYDA 2013<\/td><td class=\"column-2\">Estimation of the vulnerability of coastal areas to climatic change and sea level rise. A pilot study for Crete Island, coordinator.<\/td><td class=\"column-3\">IKYDA 2013<\/td><td class=\"column-4\">2013-14<\/td>\n<\/tr>\n<tr class=\"row-9\">\n\t<td class=\"column-1\">IKYDA 2009<\/td><td class=\"column-2\">Bioclimatic conditions and air pollution related to human health (cardiovascular and respiratory diseases) in Heraklion, Crete, coordinator.<\/td><td class=\"column-3\">IKYDA 2009, extension for 2011<\/td><td class=\"column-4\">2009, 2011<\/td>\n<\/tr>\n<tr class=\"row-10\">\n\t<td class=\"column-1\">TRANSFER<\/td><td class=\"column-2\">Tsunami Risk and Strategies for the European Region, STREP.<\/td><td class=\"column-3\">EU FP6<\/td><td class=\"column-4\">2006-08<\/td>\n<\/tr>\n<tr class=\"row-11\">\n\t<td class=\"column-1\">POSEIDON<\/td><td class=\"column-2\">Earthquake followed by tsunami in Mediterranean sea, coordinator.<\/td><td class=\"column-3\">DG Environment, EU<\/td><td class=\"column-4\">2009-11<\/td>\n<\/tr>\n<tr class=\"row-12\">\n\t<td class=\"column-1\">IKYDA 2009-11<\/td><td class=\"column-2\">Bioclimatic conditions and air pollution related to human health (cardiovascular and respiratory diseases) in Heraklion, Crete, coordinator.<\/td><td class=\"column-3\">\u0399\u039a\u03a5DA 2009<\/td><td class=\"column-4\">2009-10<\/td>\n<\/tr>\n<tr class=\"row-13\">\n\t<td class=\"column-1\"><a href=\"http:\/\/www.beachmed.eu\/\" target=\"_blank\" rel=\"noopener noreferrer\">BEACHMED-e<\/a><\/td><td class=\"column-2\">La gestion strat\u00e9gique de la d\u00e9fense des littoraux pour un d\u00e9veloppement soutenable des zones c\u00f4ti\u00e8res de la M\u00e9diterran\u00e9e, coordinator. <div class=\"show_more\"><p class=\"wpsm-show\" style=\"color: #cc0000; font-size: 100%; text-align: left;\"> \u201dshow_more\u201d<\/p><div class=\"wpsm-content\"> The Beachmed-e Project is a Regional Framework Operation (RFO) between Regione Lazio, (IT), leader partner, Regione Emilia Romagna (IT), Regione Toscana (IT), Regione Liguria (IT), Conseil G\u00e9n\u00e9ral de l\u2019H\u00e9rault (FR), Service Maritime et Navigation du Languedoc-Roussillon (FR), Generalitat Catalunya (ES), East Macedonia and Thrace Region (GR), Crete Region (GR). The main objective of the project is to pinpoint and improve technical and administrative tools for a strategic management of the coastal defence, in order to achieve a sustainable development of the Mediterranean coastal zones, by developing the topics already dealt with by the previous BEACHMED project (Interreg IIIB - Medocc). The Project has been officially launched in July 2005 and will end in June 2008, covering a total period of 36 months. Its total budget is of 7.668.366,50 euros, partly financed by FEDER (54%), and partly co-financed (46%) by the partners.  <p class=\"wpsm-hide\" style=\"color: #cc0000; font-size: 100%; text-align: left;\"> \u201dless\u201d<\/p><\/div><\/div><\/td><td class=\"column-3\">INTERREG IIIC Zone Sud<\/td><td class=\"column-4\">2006-08<\/td>\n<\/tr>\n<tr class=\"row-14\">\n\t<td class=\"column-1\">OMATI<\/td><td class=\"column-2\">A WEB integrated information system for the numerical simulation of floods<\/td><td class=\"column-3\">French-Greek Integrated Actions PLATON 2004<\/td><td class=\"column-4\">2005-06<\/td>\n<\/tr>\n<tr class=\"row-15\">\n\t<td class=\"column-1\">\u03a0\u039b\u0391\u03a4\u03a9\u039d-02<\/td><td class=\"column-2\">Parabolic models for 3D acoustic propagation in the sea.<\/td><td class=\"column-3\">French-Greek Integrated Actions PLATON 2002<\/td><td class=\"column-4\">2003-04<\/td>\n<\/tr>\n<tr class=\"row-16\">\n\t<td class=\"column-1\">PREVENT-EUTROPHICATION<\/td><td class=\"column-2\">Prevention of eutrophication via aeration, coordinator.<\/td><td class=\"column-3\">French-Greek Integrated Actions PLATON 2002<\/td><td class=\"column-4\">2003-04<\/td>\n<\/tr>\n<tr class=\"row-17\">\n\t<td class=\"column-1\">SIMO<\/td><td class=\"column-2\">An Information system for the numerical simulation and forecasting of floods, coordinator.<\/td><td class=\"column-3\">French-Greek Integrated Actions PLATON 1999<\/td><td class=\"column-4\">1999-01<\/td>\n<\/tr>\n<tr class=\"row-18\">\n\t<td class=\"column-1\">CruCID<\/td><td class=\"column-2\">Mod\u00e9lisation Num\u00e9rique des Crues via le Calcul Intensif Distribue. <\/td><td class=\"column-3\">EU DGIII ESPRIT\/INCO-DC<\/td><td class=\"column-4\">1998-99<\/td>\n<\/tr>\n<tr class=\"row-19\">\n\t<td class=\"column-1\">NUSE<\/td><td class=\"column-2\">Numerical methods and information systems for preventing eutrophication in water<\/td><td class=\"column-3\">French-Greek Integrated Actions PLATON 1998<\/td><td class=\"column-4\">1998-99<\/td>\n<\/tr>\n<tr class=\"row-20\">\n\t<td class=\"column-1\">PROMODE<\/td><td class=\"column-2\">Ocean acoustic propagation models.<\/td><td class=\"column-3\">European Union, MAST-2 program<\/td><td class=\"column-4\">1993-96<\/td>\n<\/tr>\n<\/tbody>\n<\/table>\n<!-- #tablepress-10 from cache --><\/p>","protected":false},"excerpt":{"rendered":"<p>Internationally funded Research and Development Projects<\/p>\n","protected":false},"author":1,"featured_media":0,"parent":0,"menu_order":0,"comment_status":"closed","ping_status":"closed","template":"","meta":{"footnotes":""},"class_list":["post-1226","page","type-page","status-publish","hentry"],"aioseo_notices":[],"_links":{"self":[{"href":"https:\/\/crl.iacm.forth.gr\/en\/wp-json\/wp\/v2\/pages\/1226","targetHints":{"allow":["GET"]}}],"collection":[{"href":"https:\/\/crl.iacm.forth.gr\/en\/wp-json\/wp\/v2\/pages"}],"about":[{"href":"https:\/\/crl.iacm.forth.gr\/en\/wp-json\/wp\/v2\/types\/page"}],"author":[{"embeddable":true,"href":"https:\/\/crl.iacm.forth.gr\/en\/wp-json\/wp\/v2\/users\/1"}],"replies":[{"embeddable":true,"href":"https:\/\/crl.iacm.forth.gr\/en\/wp-json\/wp\/v2\/comments?post=1226"}],"version-history":[{"count":4,"href":"https:\/\/crl.iacm.forth.gr\/en\/wp-json\/wp\/v2\/pages\/1226\/revisions"}],"predecessor-version":[{"id":1299,"href":"https:\/\/crl.iacm.forth.gr\/en\/wp-json\/wp\/v2\/pages\/1226\/revisions\/1299"}],"wp:attachment":[{"href":"https:\/\/crl.iacm.forth.gr\/en\/wp-json\/wp\/v2\/media?parent=1226"}],"curies":[{"name":"wp","href":"https:\/\/api.w.org\/{rel}","templated":true}]}}